{"id":2,"date":"2011-09-29T10:58:48","date_gmt":"2011-09-29T10:58:48","guid":{"rendered":"http:\/\/medievalshop.com\/parchemin\/?page_id=2"},"modified":"2011-11-24T07:33:30","modified_gmt":"2011-11-24T07:33:30","slug":"page-d-exemple","status":"publish","type":"page","link":"https:\/\/medievalshop.com\/parchemin\/page-d-exemple\/","title":{"rendered":"\u00c0 Propos"},"content":{"rendered":"<p>F\u00e9es, lutins, dragons, sorciers et magiciens, voleurs fut\u00e9s et guerriers endiabl\u00e9s, &#8230; si comme moi, tout cela r\u00e9sonne encore \u00e0 vos oreilles comme une agr\u00e9able comptine d&rsquo;enfant alors nous partageons le m\u00eame r\u00eave, la m\u00eame passion.<\/p>\n<p>J&rsquo;ai d\u00e9couvert le jeu de r\u00f4le, en 1984, \u00a0avec la version am\u00e9ricaine du player&rsquo;s handbook de Advanced Dungeons &amp; Dragons.<\/p>\n<p>Nous connaissions bien nos classiques : \u00ab\u00a0un pour tous, tous pour un !\u00a0\u00bb &#8230; achat d&rsquo;un seul manuel, photocopie pour tous ! Et oui, pas de pdf et de web \u00e0 cette \u00e9poque l\u00e0 ^^<\/p>\n<p>D&rsquo;ADD \u00e0 R\u00eave de Dragon, en passant par Hawkmoon, Stormbringer, l&rsquo;appel de Cthulhu, le jeu de r\u00f4le des terres du milieu, &#8230; J&rsquo;ai pass\u00e9 les plus belles heures de mon enfance \u00e0 parcourir gaiement les chemins de l&rsquo;imaginaire avec des personnes qui sont aujourd&rsquo;hui encore mes plus proches amis.<\/p>\n<p>De 1996 \u00e0 2000, j&rsquo;ai cr\u00e9e puis fait vivre un site internet sur le jeu de r\u00f4le \u00ab\u00a0Le parchemin de Nyogtha\u00a0\u00bb, afin de partager ma passion avec d&rsquo;autres.<\/p>\n<p>Le boulot, les enfants, le quotidien, &#8230; tant de bonnes raisons m&rsquo;ont amen\u00e9 \u00e0 arr\u00eater le site.<\/p>\n<p>La pause a assez dur\u00e9 ! Je ressens le besoin de reprendre la plume (traduction pour les jeunes : j&rsquo;ai le clavier qui me d\u00e9mange !) et j&rsquo;ai \u00e0 nouveau cette envie de partage.<\/p>\n<p>Faisons vivre ensemble notre passion, partageons-l\u00e0 aussi largement que possible !<\/p>\n<p>Nyogtha<\/p>\n<p><a href=\"mailto:nyogtha72@gmail.com\"><img loading=\"lazy\" decoding=\"async\" src=\"https:\/\/medievalshop.com\/parchemin\/wp-content\/uploads\/2011\/09\/email.gif\" alt=\"\" title=\"Pour adresser un message personnel \u00e0 Nyogtha\" width=\"57\" height=\"50\" class=\"alignleft size-full wp-image-931\" \/><\/a><\/p>\n","protected":false},"excerpt":{"rendered":"<p>F\u00e9es, lutins, dragons, sorciers et magiciens, voleurs fut\u00e9s et guerriers endiabl\u00e9s, &#8230; si comme moi, tout cela r\u00e9sonne encore \u00e0 vos oreilles comme une agr\u00e9able comptine d&rsquo;enfant alors nous partageons le m\u00eame r\u00eave, la m\u00eame passion. J&rsquo;ai d\u00e9couvert le jeu de r\u00f4le, en 1984, \u00a0avec la version am\u00e9ricaine du player&rsquo;s handbook de Advanced Dungeons &amp; [&hellip;]<\/p>\n","protected":false},"author":1,"featured_media":0,"parent":0,"menu_order":2,"comment_status":"open","ping_status":"open","template":"","meta":{"footnotes":""},"class_list":["post-2","page","type-page","status-publish","hentry"],"_links":{"self":[{"href":"https:\/\/medievalshop.com\/parchemin\/wp-json\/wp\/v2\/pages\/2","targetHints":{"allow":["GET"]}}],"collection":[{"href":"https:\/\/medievalshop.com\/parchemin\/wp-json\/wp\/v2\/pages"}],"about":[{"href":"https:\/\/medievalshop.com\/parchemin\/wp-json\/wp\/v2\/types\/page"}],"author":[{"embeddable":true,"href":"https:\/\/medievalshop.com\/parchemin\/wp-json\/wp\/v2\/users\/1"}],"replies":[{"embeddable":true,"href":"https:\/\/medievalshop.com\/parchemin\/wp-json\/wp\/v2\/comments?post=2"}],"version-history":[{"count":7,"href":"https:\/\/medievalshop.com\/parchemin\/wp-json\/wp\/v2\/pages\/2\/revisions"}],"predecessor-version":[{"id":933,"href":"https:\/\/medievalshop.com\/parchemin\/wp-json\/wp\/v2\/pages\/2\/revisions\/933"}],"wp:attachment":[{"href":"https:\/\/medievalshop.com\/parchemin\/wp-json\/wp\/v2\/media?parent=2"}],"curies":[{"name":"wp","href":"https:\/\/api.w.org\/{rel}","templated":true}]}}