{"id":330,"date":"2011-10-15T15:03:17","date_gmt":"2011-10-15T15:03:17","guid":{"rendered":"http:\/\/medievalshop.com\/parchemin\/?page_id=330"},"modified":"2015-03-01T11:29:51","modified_gmt":"2015-03-01T11:29:51","slug":"mes-liens-preferes","status":"publish","type":"page","link":"https:\/\/medievalshop.com\/parchemin\/mes-liens-preferes\/","title":{"rendered":"Mes liens pr\u00e9f\u00e9r\u00e9s"},"content":{"rendered":"<div><span style=\"color: #000000;\"><strong>Pour comprendre ce qu&rsquo;est le jeu de r\u00f4le :<\/strong><\/span><\/div>\n<div>\n<ul>\n<li>\u00a0<strong><span style=\"color: #ff6600;\"><span style=\"color: #ff6600;\"><a title=\"cliquer pour aller voir des vid\u00e9os sympas sur le jdr\" href=\"http:\/\/jdrtv.free.fr\/\" target=\"_blank\"><span style=\"color: #ff6600;\">JdrTV\u00a0<\/span><\/a><\/span><\/span><span style=\"color: #000000;\">:\u00a0<\/span><\/strong><span style=\"color: #000000;\"><em>La premi\u00e8re webtv qui ne parle que du jeu de r\u00f4le (je vous conseille la vid\u00e9o de pr\u00e9sentation du jeu de r\u00f4le). D\u00e9bit de parole un peu rapide, contenu tr\u00e8s int\u00e9ressant.<\/em><\/span><\/li>\n<li><span style=\"color: #000000;\"><em><a title=\"pour se tenir au courant de l'Actu JDR avec un site propre et bien \u00e9crit\" href=\"http:\/\/leroliste.over-blog.com\/\" target=\"_blank\"><span style=\"text-decoration: underline;\"><span style=\"color: #ff6600; text-decoration: underline;\"><strong>LeRoliste<\/strong><\/span><\/span><\/a><\/em><\/span><span style=\"color: #000000;\"><em>: Un blog d&rsquo;actualit\u00e9 de tr\u00e8s bonne facture et fort sympathique sur notre th\u00e8me pr\u00e9f\u00e9r\u00e9 !<\/em><\/span><\/li>\n<\/ul>\n<\/div>\n<div><span style=\"color: #000000;\"><strong>Pour des aides de jeu, des id\u00e9es, des sc\u00e9narii&#8230; \u00a0:\u00a0<\/strong><\/span><\/div>\n<div>\n<ul>\n<ul>\n<li>\u00a0<strong><a title=\"Le scriptorium\" href=\"http:\/\/www.le-scriptorium.com\/index.php\" target=\"_blank\"><span style=\"color: #ff6600;\">Le Scriptorium<\/span><\/a><span style=\"color: #000000;\">\u00a0:\u00a0<\/span><\/strong><span style=\"color: #000000;\"><em>Des aides de jeux, des \u00e9claircissements sur des points de r\u00e8gles et des sc\u00e9narii pour divers jeux (D&amp;D 3.5, D&amp;D 4, Runequest, &#8230; )<\/em><\/span><\/li>\n<li><em><em><strong><a title=\"AideDD.org\" href=\"http:\/\/www.aidedd.org\/index.php\" target=\"_blank\"><span style=\"color: #ff6600;\">AideDD.<\/span><span style=\"color: #ff6600;\">org<\/span><\/a>\u00a0<span style=\"color: #000000;\">:<\/span><\/strong><span style=\"color: #000000;\">\u00a0Site tr\u00e8s pro sur \u00a0D&amp;D et Pathfinder pour les jeux et sur Laelith et Golarion pour les mondes. Il fourmille d&rsquo;informations du haut de sa d\u00e9cennie d&rsquo;existence !<\/span><\/em><br \/>\n<\/em><\/li>\n<li><em><a title=\"pour aller vers un site tr\u00e8s pro sur D&amp;D3\" href=\"http:\/\/www.gemmaline.com\" target=\"_blank\"><strong><span style=\"color: #ff6600;\">Gemmaline<\/span><\/strong> <\/a><span style=\"color: #000000;\">: Un site sur DD3 d&rsquo;excellente qualit\u00e9 et un forum pour discuter. J&rsquo;ai personnellement beaucoup appr\u00e9ci\u00e9 la page sur les langues (<a href=\"http:\/\/www.gemmaline.com\/langues.htm\">http:\/\/www.gemmaline.com\/langues.htm<\/a>).<\/span><\/em><\/li>\n<li><em><span style=\"color: #ff6600;\"><strong><a title=\"Aller voir le blog de la bible du meneur de jeu\" href=\"http:\/\/www.labibledumeneurdejeu.com\/index.php?option=com_content&amp;view=section&amp;layout=blog&amp;id=3&amp;Itemid=4\" target=\"_blank\"><span style=\"color: #ff6600;\">La bible du meneur de jeu<\/span><\/a><\/strong><\/span> \u00a0<span style=\"color: #000000;\">: Un site tr\u00e8s bien fourni et de qualit\u00e9 pour les meneurs de jeu. Plein de conseils pour pr\u00e9parer un sc\u00e9nario, animer une partie, r\u00e9aliser les cartes soi-m\u00eame, &#8230; un esprit tr\u00e8s en phase avec celui du Parchemin de Nyogtha !<\/span><\/em><\/li>\n<li><em><span style=\"color: #ff6600;\"><a title=\"Voir le site Sentiers de l'imaginaire\" href=\"http:\/\/chrysopee.net\/\" target=\"_blank\"><span style=\"color: #ff6600;\"><strong>Les sentiers de l&rsquo;imaginaire<\/strong>\u00a0<\/span><\/a><\/span>\u00a0:\u00a0<span style=\"color: #000000;\">Les Sentiers de l&rsquo;Imaginaire vous proposent d&rsquo;explorer les mondes imaginaire \u00e0 travers des oeuvres romanesques, cin\u00e9matographiques, \u00ab\u00a0b\u00e9d\u00e9tique\u00a0\u00bb, ludiques ou musicales&#8230; Le site est ouverts \u00e0 tous les arpenteurs de l&rsquo;imaginaire, le temps d&rsquo;une chronique ou plus si affinit\u00e9es&#8230;<\/span><\/em><\/li>\n<li><em><em><span style=\"color: #ff6600;\"><a title=\"Cliquez pour parcourir la version fran\u00e7aise du site PTGPTB\" href=\"http:\/\/ptgptb.free.fr\/\" target=\"_blank\"><span style=\"color: #ff6600;\"><strong>Places To Go, People To Be<\/strong>\u00a0<\/span><\/a><\/span>\u00a0: \u00a0<\/em><span style=\"color: #000000;\">Places To Go, People To Be (version fran\u00e7aise) est un site de traductions de s\u00e9lections d\u2019articles anglophones sur le jeu de r\u00f4les; des articles de fonds pour la plupart, mais surtout ceux que nous avons trouv\u00e9 int\u00e9ressants et\/ou dr\u00f4les.<\/span><\/em><\/li>\n<li><em><em><em><span style=\"color: #ff6600;\"><a title=\"Le site d'un fan de Jdr o\u00f9 j'aime aller fouiner !\" href=\"http:\/\/bastion.free.fr\/\" target=\"_blank\"><span style=\"color: #ff6600;\"><strong>Le Bastion Roliste<\/strong>\u00a0<\/span><\/a><\/span>\u00a0: \u00a0<\/em><span style=\"color: #000000;\">Un de ces sites qui m&rsquo;a enchant\u00e9 il y a plus de 10 ans et qui a le m\u00e9rite d&rsquo;\u00eatre toujours en place ! Et s&rsquo;il n&rsquo;en reste qu&rsquo;un tu seras bien celui l\u00e0 mon ami Rappar !<\/span><\/em><\/em><\/li>\n<\/ul>\n<\/ul>\n<div>\n<p><span style=\"color: #000000;\"><strong>Pour des outils de JDR et des\u00a0inspirations\u00a0musicales \u00a0d&rsquo;ambiance :\u00a0<\/strong><\/span><\/p>\n<\/div>\n<ul>\n<li><em><em><span style=\"color: #ff6600;\"><strong><span style=\"color: #000000;\"><span style=\"color: #ff6600;\"><a style=\"color: #ff6600;\" title=\"Le site de mon pote Golgorosh\" href=\"http:\/\/golgorosh.blogspot.fr\/\" target=\"_blank\">Chez Golgo<\/a>\u00a0<\/span>:<\/span><\/strong><\/span>\u00a0<\/em> <em><img loading=\"lazy\" decoding=\"async\" src=\"https:\/\/medievalshop.com\/parchemin\/wp-content\/uploads\/2011\/10\/new.gif\" alt=\"\" width=\"31\" height=\"12\" \/><\/em>  Chez Golgo y&rsquo;a tout ce qu&rsquo;il faut (en particulier le bon rhum&#8230; mais \u00e7a c&rsquo;est difficile \u00e0 appr\u00e9cier en mode virtuel !). En tout cas, c&rsquo;est un MJ qui a un tr\u00e8s bon feeling pour les ambiances sonores&#8230; \u00e0 suivre !<\/em><\/li>\n<\/ul>\n<p><span style=\"color: #000000;\"><strong>Pour des images, illustrations, des figurines&#8230; \u00a0:\u00a0<\/strong><\/span><\/p>\n<\/div>\n<ul>\n<li><em><span style=\"color: #ff6600;\"><strong><a title=\"site d'illustrations fantasy et SF\" href=\"http:\/\/www.elfwood.com\/elfwood.html\" target=\"_blank\"><span style=\"color: #ff6600;\">Elfwood <\/span><\/a><span style=\"color: #000000;\">:<\/span><\/strong><\/span> <span style=\"color: #000000;\">Site de fan art bourr\u00e9 d&rsquo;illustrations sur nos th\u00e8mes favoris&#8230; avec parfois de bien belles perles \u00e0 trouver pour donner forme \u00e0 notre imaginaire voire le solliciter.<\/span><\/em><\/li>\n<li><em><span style=\"color: #000000;\"><span style=\"color: #ff6600;\"><strong><a title=\"Vers la biblioth\u00e8que d'images !\" href=\"http:\/\/www.imagenetion.com\/\" target=\"_blank\"><span style=\"color: #ff6600;\">ImageNETion<\/span><\/a><\/strong><\/span><\/span> <span style=\"color: #000000;\">: Immense biblioth\u00e8que d&rsquo;images qui titillent notre imaginaire\u00a0<\/span><\/em><\/li>\n<li><em><span style=\"color: #000000;\"><a title=\"Vers un site qui vend une myriade de figurines !\" href=\"http:\/\/www.reapermini.com\/Miniatures\" target=\"_blank\"><strong><span style=\"color: #ff6600;\">Reapermini<\/span><\/strong> <\/a>: la caverne d&rsquo;Ali Baba des figurines \u00e0 acheter ^^ &#8230; je craquerai bien \u00e0 chaque visite mais j&rsquo;ai peu de temps pour peindre.<\/span><\/em><em><b>\u00a0<\/b><\/em><\/li>\n<li><em><span style=\"color: #000000;\"><a title=\"Vers un site bourr\u00e9 d'avatars et d'images pour repr\u00e9senter vos persos et PNJ\" href=\"http:\/\/www.ventsombre.net\/pforum.php\" target=\"_blank\"><strong><span style=\"color: #ff6600;\">VentSombre<\/span><\/strong> <\/a> : Un bon site pour d\u00e9goter l&rsquo;image d&rsquo;un futur token, le portrait de votre perso ou d&rsquo;un PNJ<\/span><\/em><em><b>\u00a0<\/b><\/em><\/li>\n<li><em><span style=\"color: #000000;\"><a title=\"Tout plein d'avatars pour repr\u00e9senter vos persos et PNJ\" href=\"http:\/\/www.kirith.com\/portrait\/?gender=m\" target=\"_blank\"><strong><span style=\"color: #ff6600;\">Kirith<\/span><\/strong> <\/a>: Un autre site pour d\u00e9goter des portraits de perso par classe ou par race. Sympathique et pratique.<\/span><\/em><em><b>\u00a0<\/b><\/em><\/li>\n<\/ul>\n<div><span style=\"color: #000000;\"><strong><em>Localement, sur Le Mans et les environs :\u00a0<\/em><\/strong><\/span><\/div>\n<ul>\n<li><strong><a title=\"Vers un forum de joueurs et MJ manceaux forts sympathiques\" href=\"http:\/\/rilletteshallucinees.fra.co\/\" target=\"_blank\"><span style=\"color: #ff6600;\">Les<\/span> <span style=\"color: #ff6600;\">rillettes hallucin\u00e9es<\/span><\/a><span style=\"color: #ff6600;\">\u00a0:\u00a0<\/span><\/strong><span style=\"color: #000000;\"><em>Forum pour trouver des partenaires d&rsquo;\u00e9change et de jeu sur Le Mans et alentours &#8230; \u00a0(on parle de jeu de r\u00f4le bien s\u00fbr&#8230; c&rsquo;est pas \u00ab\u00a0meetic\u00a0\u00bb&#8230; \u00a0plut\u00f4t mystique tant qu&rsquo;\u00e0 faire !)<\/em><\/span><\/li>\n<li><strong><a title=\"Un forum tr\u00e8s agr\u00e9able pour d\u00e9marrer le jdr virtuel\" href=\"http:\/\/www.jdrvirtuel.com\/index.php\" target=\"_blank\"><span style=\"color: #ff6600;\">Les<\/span> <span style=\"color: #ff6600;\">JDR Virtuel<\/span><\/a><span style=\"color: #ff6600;\">\u00a0 <em><a title=\"Tout plein d'avatars pour repr\u00e9senter vos persos et PNJ\" href=\"http:\/\/www.kirith.com\/portrait\/?gender=m\" target=\"_blank\"> <\/a><\/em>:\u00a0<\/span><\/strong><span style=\"color: #000000;\"><em>Forum sur le JDR Virtuel appel\u00e9 \u00e9galement le \u00ab\u00a0jeu \u00e0 distance\u00a0\u00bb. Pour moi c&rsquo;est LE forum qu&rsquo;il vous faut pour d\u00e9couvrir cette nouvelle mani\u00e8re de jouer. J&rsquo;y passe personnellement beaucoup de temps, tout le monde est fort sympathique et courtois.<\/em><\/span><\/li>\n<\/ul>\n<p>&nbsp;<\/p>\n<p><span style=\"color: #000000;\">&#8211; Tous les liens ont \u00e9t\u00e9 v\u00e9rifi\u00e9s le 25 f\u00e9vrier 2013-<\/span><\/p>\n","protected":false},"excerpt":{"rendered":"<p>Pour comprendre ce qu&rsquo;est le jeu de r\u00f4le : \u00a0JdrTV\u00a0:\u00a0La premi\u00e8re webtv qui ne parle que du jeu de r\u00f4le (je vous conseille la vid\u00e9o de pr\u00e9sentation du jeu de r\u00f4le). D\u00e9bit de parole un peu rapide, contenu tr\u00e8s int\u00e9ressant. LeRoliste: Un blog d&rsquo;actualit\u00e9 de tr\u00e8s bonne facture et fort sympathique sur notre th\u00e8me pr\u00e9f\u00e9r\u00e9 [&hellip;]<\/p>\n","protected":false},"author":1,"featured_media":0,"parent":0,"menu_order":3,"comment_status":"open","ping_status":"closed","template":"","meta":{"footnotes":""},"class_list":["post-330","page","type-page","status-publish","hentry"],"_links":{"self":[{"href":"https:\/\/medievalshop.com\/parchemin\/wp-json\/wp\/v2\/pages\/330","targetHints":{"allow":["GET"]}}],"collection":[{"href":"https:\/\/medievalshop.com\/parchemin\/wp-json\/wp\/v2\/pages"}],"about":[{"href":"https:\/\/medievalshop.com\/parchemin\/wp-json\/wp\/v2\/types\/page"}],"author":[{"embeddable":true,"href":"https:\/\/medievalshop.com\/parchemin\/wp-json\/wp\/v2\/users\/1"}],"replies":[{"embeddable":true,"href":"https:\/\/medievalshop.com\/parchemin\/wp-json\/wp\/v2\/comments?post=330"}],"version-history":[{"count":52,"href":"https:\/\/medievalshop.com\/parchemin\/wp-json\/wp\/v2\/pages\/330\/revisions"}],"predecessor-version":[{"id":480,"href":"https:\/\/medievalshop.com\/parchemin\/wp-json\/wp\/v2\/pages\/330\/revisions\/480"}],"wp:attachment":[{"href":"https:\/\/medievalshop.com\/parchemin\/wp-json\/wp\/v2\/media?parent=330"}],"curies":[{"name":"wp","href":"https:\/\/api.w.org\/{rel}","templated":true}]}}